{"id":104,"date":"2023-09-19T15:57:42","date_gmt":"2023-09-19T13:57:42","guid":{"rendered":"https:\/\/vacances-mussillons.fr\/?page_id=104"},"modified":"2023-09-21T14:12:55","modified_gmt":"2023-09-21T12:12:55","slug":"historique","status":"publish","type":"page","link":"https:\/\/vacances-mussillons.fr\/index.php\/historique\/","title":{"rendered":"Historique"},"content":{"rendered":"\n<div class=\"wp-block-media-text is-stacked-on-mobile is-vertically-aligned-center\" style=\"grid-template-columns:27% auto\"><figure class=\"wp-block-media-text__media\"><img loading=\"lazy\" decoding=\"async\" width=\"128\" height=\"179\" src=\"https:\/\/vacances-mussillons.fr\/wp-content\/uploads\/2023\/09\/les-mussillons-019.jpg\" alt=\"\" class=\"wp-image-143 size-full\"\/><\/figure><div class=\"wp-block-media-text__content\">\n<p><strong>En 1950, l&rsquo;Abb\u00e9 Wech, cur\u00e9-doyen d&rsquo;Ascq village de la r\u00e9gion Lilloise meurtri par le massacre de 86 hommes le 2 avril 1944, cherche un pied \u00e0 terre pour accueillir des enfants en vacances et tombe sur une ferme comtoise alors abandonn\u00e9e.<br>\u200b<br>Des hommes et des femmes partiront du Nord pour nettoyer et proc\u00e9der \u00e0 des premiers travaux, permettant d&rsquo;accueillir d\u00e9s l&rsquo;\u00e9t\u00e9 1951 plus de 200 enfants :<\/strong><br><strong>Un s\u00e9jour de gar\u00e7ons avec l&rsquo;Abb\u00e9 Planckeel, vicaire \u00e0 l&rsquo;\u00e9poque, et un s\u00e9jour de filles avec les religieuses.<\/strong><\/p>\n<\/div><\/div>\n\n\n\n<p class=\"has-text-align-left\"><strong>Les conditions sont certes assez pr\u00e9caires :<\/strong><br><strong>Pas d&rsquo;eau courante, pas de toilettes, un dortoir au 2\u00e8me \u00e9tage sans plafond, mais l&rsquo;air est pur et la for\u00eat, les rocailles et les baignades au Lac de l&rsquo;Abbaye accueillent les jeux de tous ces enfants.<\/strong><br><strong>Le dimanche soir, aux veill\u00e9es se joignent nos petits voisins.<\/strong><\/p>\n\n\n\n<div class=\"wp-block-media-text is-stacked-on-mobile\" style=\"grid-template-columns:47% auto\"><figure class=\"wp-block-media-text__media\"><img loading=\"lazy\" decoding=\"async\" width=\"221\" height=\"216\" src=\"https:\/\/vacances-mussillons.fr\/wp-content\/uploads\/2023\/09\/les-mussillons-070.jpg\" alt=\"\" class=\"wp-image-144 size-full\"\/><\/figure><div class=\"wp-block-media-text__content\">\n<p class=\"has-text-align-left\"><strong><br>Au fur et \u00e0 mesure des possibilit\u00e9s financi\u00e8res, des travaux vont \u00eatre r\u00e9alis\u00e9s.<\/strong><br><strong>Adduction d&rsquo;eau, construction de toilettes, d&rsquo;une annexe qui sert de grande salle de bains avec quelques douches et des bacs avec rampe pour la toilette sommaire, dont il reste quelques sp\u00e9cimens.<\/strong><br><strong>Puis le dortoir du 1er \u00e9tage doit \u00eatre divis\u00e9 en deux avec couloir et traitement des boiseries pour raison de s\u00e9curit\u00e9.<\/strong><\/p>\n\n\n\n<p class=\"has-text-align-left\"><strong>En 1977, une page se tourne : Pr\u00eatres et Religieuses ne peuvent plus assurer l&rsquo;encadrement des groupes.<\/strong><br><strong>Un nouveau comit\u00e9, la\u00efque, se forme alors et entreprend de redynamiser l&rsquo;Association.<\/strong><\/p>\n<\/div><\/div>\n\n\n\n<div class=\"wp-block-media-text has-media-on-the-right is-stacked-on-mobile\" style=\"grid-template-columns:auto 47%\"><div class=\"wp-block-media-text__content\">\n<p><strong>En 1980, \u00e0 la faveur de subventions des caisses d&rsquo;allocations familiales et des pr\u00eats contract\u00e9s avec la caution de la ville de Villeneuve d&rsquo;Ascq, d&rsquo;importants travaux d&rsquo;agrandissement, de r\u00e9novation ou d&rsquo;am\u00e9nagement sont engag\u00e9s, travaux qui ont permis notamment l&rsquo;ouverture du centre toute l&rsquo;ann\u00e9e.<\/strong><\/p>\n\n\n\n<p><strong>Sans oublier l&rsquo;aide financi\u00e8re apport\u00e9e par les membres du Conseil d&rsquo;Administration, les familles et les amis. Pr\u00eats sous forme d&rsquo;actions et dons, sans lesquels rien n&rsquo;\u00e9tait r\u00e9alisable.<\/strong><\/p>\n\n\n\n<p><strong>Et l&rsquo;aide mat\u00e9riel que les uns et les autres ont pu fournir et continuent de fournir.<\/strong><\/p>\n\n\n\n<p><strong>En 1985, Les vacances de f\u00e9vrier voient l&rsquo;arriv\u00e9e de petits Nordistes pour des vacances \u00e0 la neige.<\/strong><br><strong>Puis des \u00e9tablissements scolaires y enverront des enfants pour des classes de neige.<\/strong><\/p>\n<\/div><figure class=\"wp-block-media-text__media\"><img loading=\"lazy\" decoding=\"async\" width=\"224\" height=\"157\" src=\"https:\/\/vacances-mussillons.fr\/wp-content\/uploads\/2023\/09\/app0059-1.jpg\" alt=\"\" class=\"wp-image-145 size-full\"\/><\/figure><\/div>\n\n\n\n<div style=\"height:100px\" aria-hidden=\"true\" class=\"wp-block-spacer\"><\/div>\n","protected":false},"excerpt":{"rendered":"<p>En 1950, l&rsquo;Abb\u00e9 Wech, cur\u00e9-doyen d&rsquo;Ascq village de la r\u00e9gion Lilloise meurtri par le massacre de 86 hommes le 2 avril 1944, cherche un pied \u00e0 terre pour accueillir des enfants en vacances et tombe sur une ferme comtoise alors abandonn\u00e9e.\u200bDes hommes et des femmes partiront du Nord pour nettoyer [&hellip;]<\/p>\n","protected":false},"author":1,"featured_media":160,"parent":0,"menu_order":0,"comment_status":"closed","ping_status":"closed","template":"","meta":{"_themeisle_gutenberg_block_has_review":false,"footnotes":""},"class_list":["post-104","page","type-page","status-publish","has-post-thumbnail","hentry"],"_links":{"self":[{"href":"https:\/\/vacances-mussillons.fr\/index.php\/wp-json\/wp\/v2\/pages\/104","targetHints":{"allow":["GET"]}}],"collection":[{"href":"https:\/\/vacances-mussillons.fr\/index.php\/wp-json\/wp\/v2\/pages"}],"about":[{"href":"https:\/\/vacances-mussillons.fr\/index.php\/wp-json\/wp\/v2\/types\/page"}],"author":[{"embeddable":true,"href":"https:\/\/vacances-mussillons.fr\/index.php\/wp-json\/wp\/v2\/users\/1"}],"replies":[{"embeddable":true,"href":"https:\/\/vacances-mussillons.fr\/index.php\/wp-json\/wp\/v2\/comments?post=104"}],"version-history":[{"count":5,"href":"https:\/\/vacances-mussillons.fr\/index.php\/wp-json\/wp\/v2\/pages\/104\/revisions"}],"predecessor-version":[{"id":152,"href":"https:\/\/vacances-mussillons.fr\/index.php\/wp-json\/wp\/v2\/pages\/104\/revisions\/152"}],"wp:featuredmedia":[{"embeddable":true,"href":"https:\/\/vacances-mussillons.fr\/index.php\/wp-json\/wp\/v2\/media\/160"}],"wp:attachment":[{"href":"https:\/\/vacances-mussillons.fr\/index.php\/wp-json\/wp\/v2\/media?parent=104"}],"curies":[{"name":"wp","href":"https:\/\/api.w.org\/{rel}","templated":true}]}}