{"id":245,"date":"2023-09-21T12:36:19","date_gmt":"2023-09-21T10:36:19","guid":{"rendered":"https:\/\/vacances-mussillons.fr\/?page_id=245"},"modified":"2023-12-03T16:44:17","modified_gmt":"2023-12-03T15:44:17","slug":"le-village","status":"publish","type":"page","link":"https:\/\/vacances-mussillons.fr\/index.php\/le-village\/","title":{"rendered":"Le Village"},"content":{"rendered":"\n<p>Grande-Rivi\u00e8re est une ancienne commune fran\u00e7aise situ\u00e9e dans le d\u00e9partement du Jura, en r\u00e9gion Bourgogne-Franche-Comt\u00e9. Le 1er janvier 2019, elle devient une commune d\u00e9l\u00e9gu\u00e9e de Grande-Rivi\u00e8re Ch\u00e2teau.<br>Sur le territoire de la commune se trouve le lac de l&rsquo;Abbaye, sur la rive duquel se trouvait l&rsquo;abbaye de Grandvaux fond\u00e9e au XIIe si\u00e8cle et transform\u00e9e plus tard en prieur\u00e9 d\u00e9pendant du monast\u00e8re de Saint-Claude.<br>\u200b\u200b&nbsp; &nbsp; &nbsp; &nbsp; &nbsp; &nbsp; &nbsp; &nbsp; &nbsp; &nbsp; &nbsp; &nbsp; &nbsp; &nbsp; &nbsp; &nbsp; &nbsp; &nbsp; &nbsp; &nbsp; &nbsp; &nbsp; &nbsp; &nbsp; &nbsp; &nbsp; &nbsp; &nbsp; &nbsp; &nbsp; &nbsp; &nbsp; &nbsp; &nbsp; &nbsp; &nbsp; &nbsp; &nbsp; &nbsp; &nbsp; &nbsp; &nbsp; &nbsp; &nbsp; &nbsp; &nbsp; &nbsp; &nbsp; &nbsp; &nbsp; &nbsp; &nbsp; &nbsp; &nbsp; &nbsp; &nbsp; &nbsp; &nbsp; &nbsp; &nbsp; &nbsp; &nbsp; &nbsp; &nbsp; &nbsp; &nbsp; &nbsp; &nbsp; &nbsp; &nbsp; &nbsp; &nbsp; &nbsp; &nbsp; &nbsp; &nbsp; &nbsp; &nbsp; &nbsp; &nbsp; &nbsp; &nbsp; &nbsp; &nbsp; &nbsp; &nbsp; &nbsp; &nbsp; &nbsp;<strong>Sources : Wikipedia<\/strong><\/p>\n\n\n\n<p><\/p>\n\n\n\n<div id=\"wp-block-themeisle-blocks-slider-eed9a119\" class=\"wp-block-themeisle-blocks-slider glide\" data-per-view=\"1\" data-gap=\"0\" data-peek=\"0\" data-autoplay=\"true\" data-height=\"400px\" data-hide-arrows=\"false\"><div class=\"glide__track\" data-glide-el=\"track\"><div class=\"glide__slides\"><div class=\"wp-block-themeisle-blocks-slider-item-wrapper glide__slide\" tabindex=\"0\"><figure><img decoding=\"async\" class=\"wp-block-themeisle-blocks-slider-item\" src=\"https:\/\/vacances-mussillons.fr\/wp-content\/uploads\/2023\/09\/img-6418_1_orig-1024x502.jpeg\" alt=\"\" title=\"\" data-id=\"330\"\/><\/figure><\/div><div class=\"wp-block-themeisle-blocks-slider-item-wrapper glide__slide\" tabindex=\"0\"><figure><img decoding=\"async\" class=\"wp-block-themeisle-blocks-slider-item\" src=\"https:\/\/vacances-mussillons.fr\/wp-content\/uploads\/2023\/09\/grande-riviere-chateau-13786-21-w400_orig.jpg\" alt=\"\" title=\"\" data-id=\"328\"\/><\/figure><\/div><div class=\"wp-block-themeisle-blocks-slider-item-wrapper glide__slide\" tabindex=\"0\"><figure><img decoding=\"async\" class=\"wp-block-themeisle-blocks-slider-item\" src=\"https:\/\/vacances-mussillons.fr\/wp-content\/uploads\/2023\/09\/img-6418_1_orig-1-1024x502.jpeg\" alt=\"\" title=\"\" data-id=\"329\"\/><\/figure><\/div><div class=\"wp-block-themeisle-blocks-slider-item-wrapper glide__slide\" tabindex=\"0\"><figure><img decoding=\"async\" class=\"wp-block-themeisle-blocks-slider-item\" src=\"https:\/\/vacances-mussillons.fr\/wp-content\/uploads\/2023\/09\/b78120d7-9008-4b06-acce-576387fb6f23_1_orig-1024x768.jpg\" alt=\"\" title=\"\" data-id=\"326\"\/><\/figure><\/div><div class=\"wp-block-themeisle-blocks-slider-item-wrapper glide__slide\" tabindex=\"0\"><figure><img decoding=\"async\" class=\"wp-block-themeisle-blocks-slider-item\" src=\"https:\/\/vacances-mussillons.fr\/wp-content\/uploads\/2023\/09\/grande-riviere-chateau-13786-10-w400_orig.jpg\" alt=\"\" title=\"\" data-id=\"327\"\/><\/figure><\/div><div class=\"wp-block-themeisle-blocks-slider-item-wrapper glide__slide\" tabindex=\"0\"><figure><img decoding=\"async\" class=\"wp-block-themeisle-blocks-slider-item\" src=\"https:\/\/vacances-mussillons.fr\/wp-content\/uploads\/2023\/09\/abbaye_1_orig.jpg\" alt=\"\" title=\"\" data-id=\"325\"\/><\/figure><\/div><div class=\"wp-block-themeisle-blocks-slider-item-wrapper glide__slide\" tabindex=\"0\"><figure><img decoding=\"async\" class=\"wp-block-themeisle-blocks-slider-item\" src=\"https:\/\/vacances-mussillons.fr\/wp-content\/uploads\/2023\/09\/6d04b636-b901-4251-a564-5536c0795792_1_orig-1024x768.jpg\" alt=\"\" title=\"\" data-id=\"324\"\/><\/figure><\/div><div class=\"wp-block-themeisle-blocks-slider-item-wrapper glide__slide\" tabindex=\"0\"><figure><img decoding=\"async\" class=\"wp-block-themeisle-blocks-slider-item\" src=\"https:\/\/vacances-mussillons.fr\/wp-content\/uploads\/2023\/09\/4cb3aca7-7715-469e-94d3-0d7cd95746be_1_orig-1024x768.jpg\" alt=\"\" title=\"\" data-id=\"323\"\/><\/figure><\/div><div class=\"wp-block-themeisle-blocks-slider-item-wrapper glide__slide\" tabindex=\"0\"><figure><img decoding=\"async\" class=\"wp-block-themeisle-blocks-slider-item\" src=\"https:\/\/vacances-mussillons.fr\/wp-content\/uploads\/2023\/09\/1c656049-62fe-451a-83e8-4091fd687744_1_orig-1024x768.jpg\" alt=\"\" title=\"\" data-id=\"322\"\/><\/figure><\/div><\/div><div class=\"glide__bullets\" data-glide-el=\"controls[nav]\"><button class=\"glide__bullet\" data-glide-dir=\"=0\"><\/button><button class=\"glide__bullet\" data-glide-dir=\"=1\"><\/button><button class=\"glide__bullet\" data-glide-dir=\"=2\"><\/button><button class=\"glide__bullet\" data-glide-dir=\"=3\"><\/button><button class=\"glide__bullet\" data-glide-dir=\"=4\"><\/button><button class=\"glide__bullet\" data-glide-dir=\"=5\"><\/button><button class=\"glide__bullet\" data-glide-dir=\"=6\"><\/button><button class=\"glide__bullet\" data-glide-dir=\"=7\"><\/button><button class=\"glide__bullet\" data-glide-dir=\"=8\"><\/button><\/div><\/div><\/div>\n\n\n\n<p><\/p>\n","protected":false},"excerpt":{"rendered":"<p>Grande-Rivi\u00e8re est une ancienne commune fran\u00e7aise situ\u00e9e dans le d\u00e9partement du Jura, en r\u00e9gion Bourgogne-Franche-Comt\u00e9. Le 1er janvier 2019, elle devient une commune d\u00e9l\u00e9gu\u00e9e de Grande-Rivi\u00e8re Ch\u00e2teau.Sur le territoire de la commune se trouve le lac de l&rsquo;Abbaye, sur la rive duquel se trouvait l&rsquo;abbaye de Grandvaux fond\u00e9e au XIIe [&hellip;]<\/p>\n","protected":false},"author":1,"featured_media":325,"parent":0,"menu_order":0,"comment_status":"closed","ping_status":"closed","template":"","meta":{"_themeisle_gutenberg_block_has_review":false,"footnotes":""},"class_list":["post-245","page","type-page","status-publish","has-post-thumbnail","hentry"],"_links":{"self":[{"href":"https:\/\/vacances-mussillons.fr\/index.php\/wp-json\/wp\/v2\/pages\/245","targetHints":{"allow":["GET"]}}],"collection":[{"href":"https:\/\/vacances-mussillons.fr\/index.php\/wp-json\/wp\/v2\/pages"}],"about":[{"href":"https:\/\/vacances-mussillons.fr\/index.php\/wp-json\/wp\/v2\/types\/page"}],"author":[{"embeddable":true,"href":"https:\/\/vacances-mussillons.fr\/index.php\/wp-json\/wp\/v2\/users\/1"}],"replies":[{"embeddable":true,"href":"https:\/\/vacances-mussillons.fr\/index.php\/wp-json\/wp\/v2\/comments?post=245"}],"version-history":[{"count":3,"href":"https:\/\/vacances-mussillons.fr\/index.php\/wp-json\/wp\/v2\/pages\/245\/revisions"}],"predecessor-version":[{"id":403,"href":"https:\/\/vacances-mussillons.fr\/index.php\/wp-json\/wp\/v2\/pages\/245\/revisions\/403"}],"wp:featuredmedia":[{"embeddable":true,"href":"https:\/\/vacances-mussillons.fr\/index.php\/wp-json\/wp\/v2\/media\/325"}],"wp:attachment":[{"href":"https:\/\/vacances-mussillons.fr\/index.php\/wp-json\/wp\/v2\/media?parent=245"}],"curies":[{"name":"wp","href":"https:\/\/api.w.org\/{rel}","templated":true}]}}