{"id":496,"date":"2023-12-28T17:59:36","date_gmt":"2023-12-28T16:59:36","guid":{"rendered":"https:\/\/vacances-mussillons.fr\/?page_id=496"},"modified":"2024-02-11T12:59:22","modified_gmt":"2024-02-11T11:59:22","slug":"videos","status":"publish","type":"page","link":"https:\/\/vacances-mussillons.fr\/index.php\/videos\/","title":{"rendered":"VIDEOS"},"content":{"rendered":"<div class=\"wp-block-image\">\n<figure class=\"aligncenter size-full is-resized\"><img loading=\"lazy\" decoding=\"async\" width=\"580\" height=\"304\" src=\"https:\/\/vacances-mussillons.fr\/wp-content\/uploads\/2024\/02\/Bande-Video.jpg\" alt=\"\" class=\"wp-image-519\" style=\"width:267px;height:auto\" srcset=\"https:\/\/vacances-mussillons.fr\/wp-content\/uploads\/2024\/02\/Bande-Video.jpg 580w, https:\/\/vacances-mussillons.fr\/wp-content\/uploads\/2024\/02\/Bande-Video-300x157.jpg 300w\" sizes=\"auto, (max-width: 580px) 100vw, 580px\" \/><\/figure>\n<\/div>\n\n\n<p class=\"has-text-align-center\"><strong><mark style=\"background-color:rgba(0, 0, 0, 0)\" class=\"has-inline-color has-black-color\">A savoir<\/mark><mark style=\"background-color:rgba(0, 0, 0, 0);color:#592f2f\" class=\"has-inline-color\"> <\/mark><\/strong>: Quentin Fillon-Maillet, l\u2019enfant du Grandvaux, est le premier biathl\u00e8te au monde \u00e0 gagner\u00a0<strong>cinq m\u00e9dailles<\/strong>\u00a0(deux en or et\u00a0trois en argent) dans les m\u00eames Jeux olympiques\u00a0d\u2019hiver. P\u00e9kin 2022<\/p>\n\n\n\n<figure class=\"wp-block-embed is-type-video is-provider-youtube wp-block-embed-youtube wp-embed-aspect-16-9 wp-has-aspect-ratio\"><div class=\"wp-block-embed__wrapper\">\n<iframe loading=\"lazy\" title=\"Le Grandvaux et ses multiples facettes\" width=\"750\" height=\"422\" src=\"https:\/\/www.youtube.com\/embed\/hI1oEhBTgmU?feature=oembed\" frameborder=\"0\" allow=\"accelerometer; autoplay; clipboard-write; encrypted-media; gyroscope; picture-in-picture; web-share\" allowfullscreen><\/iframe>\n<\/div><figcaption class=\"wp-element-caption\">Centre commercial du Grandvaux,\u00a0<strong>\u00e0 900m d&rsquo;altitude dans le Parc naturel r\u00e9gional du Haut-Jura<\/strong>, la commune se situe \u00e0 20km de la station des Rousses et \u00e0 10 km du site naturel class\u00e9 des Cascades du H\u00e9risson et du site class\u00e9 des 7 Lacs. Tous les services et commerces sont pr\u00e9sents au centre du village.<\/figcaption><\/figure>\n\n\n\n<figure class=\"wp-block-embed is-type-video is-provider-youtube wp-block-embed-youtube wp-embed-aspect-16-9 wp-has-aspect-ratio\"><div class=\"wp-block-embed__wrapper\">\n<iframe loading=\"lazy\" title=\"Grande Rivi\u00e8re\" width=\"750\" height=\"422\" src=\"https:\/\/www.youtube.com\/embed\/MlmIxYBHJcc?feature=oembed\" frameborder=\"0\" allow=\"accelerometer; autoplay; clipboard-write; encrypted-media; gyroscope; picture-in-picture; web-share\" allowfullscreen><\/iframe>\n<\/div><figcaption class=\"wp-element-caption\"><strong>Grande Rivi\u00e8re<\/strong><\/figcaption><\/figure>\n\n\n\n<figure class=\"wp-block-embed is-type-video is-provider-youtube wp-block-embed-youtube wp-embed-aspect-16-9 wp-has-aspect-ratio\"><div class=\"wp-block-embed__wrapper\">\n<iframe loading=\"lazy\" title=\"Lac de L&#039;Abbaye - Grande-Rivi\u00e8re (39) - 2 Juin 2006 - #034\" width=\"750\" height=\"422\" src=\"https:\/\/www.youtube.com\/embed\/cX3VUPn89RU?feature=oembed\" frameborder=\"0\" allow=\"accelerometer; autoplay; clipboard-write; encrypted-media; gyroscope; picture-in-picture; web-share\" allowfullscreen><\/iframe>\n<\/div><figcaption class=\"wp-element-caption\"><strong>Lac de L&rsquo;Abbaye en \u00e9t\u00e9<\/strong><\/figcaption><\/figure>\n\n\n\n<figure class=\"wp-block-embed is-type-video is-provider-youtube wp-block-embed-youtube wp-embed-aspect-16-9 wp-has-aspect-ratio\"><div class=\"wp-block-embed__wrapper\">\n<iframe loading=\"lazy\" title=\"Le Lac de l&#039;Abbaye ( Haut Jura )\" width=\"750\" height=\"422\" src=\"https:\/\/www.youtube.com\/embed\/YnZF2YLiE68?feature=oembed\" frameborder=\"0\" allow=\"accelerometer; autoplay; clipboard-write; encrypted-media; gyroscope; picture-in-picture; web-share\" allowfullscreen><\/iframe>\n<\/div><figcaption class=\"wp-element-caption\"><strong>Le Lac de L&rsquo;Abbaye en hiver<\/strong><\/figcaption><\/figure>\n\n\n\n<figure class=\"wp-block-embed is-type-video is-provider-youtube wp-block-embed-youtube wp-embed-aspect-16-9 wp-has-aspect-ratio\"><div class=\"wp-block-embed__wrapper\">\n<iframe loading=\"lazy\" title=\"Les cascades du H\u00e9risson : un site unique dans le Jura\" width=\"750\" height=\"422\" src=\"https:\/\/www.youtube.com\/embed\/Xs2yl6hYYqw?feature=oembed\" frameborder=\"0\" allow=\"accelerometer; autoplay; clipboard-write; encrypted-media; gyroscope; picture-in-picture; web-share\" allowfullscreen><\/iframe>\n<\/div><figcaption class=\"wp-element-caption\"><strong>Les cascades du H\u00e9risson<\/strong><\/figcaption><\/figure>\n\n\n\n<figure class=\"wp-block-embed is-type-video is-provider-youtube wp-block-embed-youtube wp-embed-aspect-16-9 wp-has-aspect-ratio\"><div class=\"wp-block-embed__wrapper\">\n<iframe loading=\"lazy\" title=\"Ski de fond : les Rousses ouvrent leurs pistes ce mercredi\" width=\"750\" height=\"422\" src=\"https:\/\/www.youtube.com\/embed\/AYQYC-Awfww?feature=oembed\" frameborder=\"0\" allow=\"accelerometer; autoplay; clipboard-write; encrypted-media; gyroscope; picture-in-picture; web-share\" allowfullscreen><\/iframe>\n<\/div><figcaption class=\"wp-element-caption\"><strong>Pour les amateurs de ski de fond \u00e0 la station des Rousses<\/strong><\/figcaption><\/figure>\n\n\n\n<figure class=\"wp-block-embed is-type-video is-provider-youtube wp-block-embed-youtube wp-embed-aspect-16-9 wp-has-aspect-ratio\"><div class=\"wp-block-embed__wrapper\">\n<iframe loading=\"lazy\" title=\"Domaine skiable alpin de la Station des Rousses - Haut-Jura - Franco-Suisse\" width=\"750\" height=\"422\" src=\"https:\/\/www.youtube.com\/embed\/R5VMioDIfZc?feature=oembed\" frameborder=\"0\" allow=\"accelerometer; autoplay; clipboard-write; encrypted-media; gyroscope; picture-in-picture; web-share\" allowfullscreen><\/iframe>\n<\/div><figcaption class=\"wp-element-caption\"><strong>Pour les amateurs de ski Alpin \u00e0 la station des Rousses<\/strong><\/figcaption><\/figure>\n\n\n\n<figure class=\"wp-block-embed is-type-video is-provider-youtube wp-block-embed-youtube wp-embed-aspect-16-9 wp-has-aspect-ratio\"><div class=\"wp-block-embed__wrapper\">\n<iframe loading=\"lazy\" title=\"Bellefontaine ; Ski Alpin ; Montagne ; Neige ; Haut-Jura ; Franche-Comt\u00e9 ; France\" width=\"750\" height=\"422\" src=\"https:\/\/www.youtube.com\/embed\/5SrhkDeGKnU?feature=oembed\" frameborder=\"0\" allow=\"accelerometer; autoplay; clipboard-write; encrypted-media; gyroscope; picture-in-picture; web-share\" allowfullscreen><\/iframe>\n<\/div><figcaption class=\"wp-element-caption\"><strong>A Bellefontaine, id\u00e9al pour les enfants pour les premiers cours de ski<\/strong><\/figcaption><\/figure>\n","protected":false},"excerpt":{"rendered":"<p>A savoir : Quentin Fillon-Maillet, l\u2019enfant du Grandvaux, est le premier biathl\u00e8te au monde \u00e0 gagner\u00a0cinq m\u00e9dailles\u00a0(deux en or et\u00a0trois en argent) dans les m\u00eames Jeux olympiques\u00a0d\u2019hiver. P\u00e9kin 2022<\/p>\n","protected":false},"author":1,"featured_media":0,"parent":0,"menu_order":0,"comment_status":"closed","ping_status":"closed","template":"","meta":{"_themeisle_gutenberg_block_has_review":false,"footnotes":""},"class_list":["post-496","page","type-page","status-publish","hentry"],"_links":{"self":[{"href":"https:\/\/vacances-mussillons.fr\/index.php\/wp-json\/wp\/v2\/pages\/496","targetHints":{"allow":["GET"]}}],"collection":[{"href":"https:\/\/vacances-mussillons.fr\/index.php\/wp-json\/wp\/v2\/pages"}],"about":[{"href":"https:\/\/vacances-mussillons.fr\/index.php\/wp-json\/wp\/v2\/types\/page"}],"author":[{"embeddable":true,"href":"https:\/\/vacances-mussillons.fr\/index.php\/wp-json\/wp\/v2\/users\/1"}],"replies":[{"embeddable":true,"href":"https:\/\/vacances-mussillons.fr\/index.php\/wp-json\/wp\/v2\/comments?post=496"}],"version-history":[{"count":6,"href":"https:\/\/vacances-mussillons.fr\/index.php\/wp-json\/wp\/v2\/pages\/496\/revisions"}],"predecessor-version":[{"id":530,"href":"https:\/\/vacances-mussillons.fr\/index.php\/wp-json\/wp\/v2\/pages\/496\/revisions\/530"}],"wp:attachment":[{"href":"https:\/\/vacances-mussillons.fr\/index.php\/wp-json\/wp\/v2\/media?parent=496"}],"curies":[{"name":"wp","href":"https:\/\/api.w.org\/{rel}","templated":true}]}}