{"id":72,"date":"2023-09-19T15:15:02","date_gmt":"2023-09-19T13:15:02","guid":{"rendered":"https:\/\/vacances-mussillons.fr\/?page_id=72"},"modified":"2025-11-18T14:42:54","modified_gmt":"2025-11-18T13:42:54","slug":"les-sejours","status":"publish","type":"page","link":"https:\/\/vacances-mussillons.fr\/index.php\/les-sejours\/","title":{"rendered":"Les s\u00e9jours"},"content":{"rendered":"\n<p><strong>Quelques semaines par an, notamment pendant les vacances d&rsquo;hiver et la seconde quinzaine d&rsquo;ao\u00fbt, le centre est r\u00e9serv\u00e9 pour des s\u00e9jours familiaux organis\u00e9s et anim\u00e9s par l&rsquo;\u00e9quipe d&rsquo;animation b\u00e9n\u00e9vole de l&rsquo;Enfance d&rsquo;Ascq.<\/strong><\/p>\n\n\n\n<hr class=\"wp-block-separator has-alpha-channel-opacity\"\/>\n\n\n\n<h2 class=\"wp-block-heading\"><br>Les s\u00e9jours d&rsquo;hiver<\/h2>\n\n\n\n<p>Vous \u00eates accueillis en pension compl\u00e8te.&nbsp;<br>Concernant les activit\u00e9s, des marches, sorties ski ou raquettes et des soir\u00e9es \u00e0 th\u00e8mes vous sont aussi propos\u00e9es.<br>Toutefois, libre \u00e0 chacun de vivre son s\u00e9jour comme il le souhaite.&nbsp;<\/p>\n\n\n\n<p><\/p>\n\n\n\n<hr class=\"wp-block-separator has-alpha-channel-opacity\"\/>\n\n\n\n<h2 class=\"wp-block-heading\">Rando Ch\u0153ur<\/h2>\n\n\n\n<p>Prochain Rando Ch\u0153ur, le s\u00e9jour aura lieu du 13 au 23 ao\u00fbt 2026<\/p>\n\n\n\n<p>&#8211; Chorale : les r\u00e9p\u00e9titions ont lieu chaque matin \u00e0 l&rsquo;\u00e9cole de musique de Saint-Laurent-en-Grandvaux, ainsi qu&rsquo;avant le repas du soir au centre des Mussillons. Le travail effectu\u00e9 pendant le s\u00e9jour est mis \u00e0 l&rsquo;honneur lors de deux restitutions sous forme de \u00ab\u00a0concerts\u00a0\u00bb, l&rsquo;un \u00e0 la salle de la Sittelle \u00e0 Saint-Laurent, l&rsquo;autre \u00e0 l&rsquo;\u00e9glise de l&rsquo;abbaye de Grande-Rivi\u00e8re.&nbsp;<\/p>\n\n\n\n<p>&#8211; Randonn\u00e9e : des randonn\u00e9es \u00e0 la journ\u00e9es sont accompagn\u00e9es par des guides locaux qui vous permettent de d\u00e9couvrir les richesses du massif jurassien.&nbsp;&nbsp;<\/p>\n\n\n\n<p>&#8211; Autre possibilit\u00e9 : participer au s\u00e9jour Randochoeur en organisant ses journ\u00e9es librement.<\/p>\n\n\n\n<p>&#8211; Des marches, baignades au lac, sorties v\u00e9lo peuvent \u00e9galement \u00eatre propos\u00e9es en fonction des conditions m\u00e9t\u00e9o.<\/p>\n\n\n\n<hr class=\"wp-block-separator has-alpha-channel-opacity\"\/>\n\n\n\n<p class=\"has-text-align-center has-large-font-size\"><strong>Disponibilit\u00e9s et r\u00e9servations<\/strong><\/p>\n\n\n\n<div class=\"wp-block-columns is-layout-flex wp-container-core-columns-is-layout-9d6595d7 wp-block-columns-is-layout-flex\">\n<div class=\"wp-block-column is-layout-flow wp-block-column-is-layout-flow\" style=\"flex-basis:25%\"><\/div>\n\n\n\n<div class=\"wp-block-column is-vertically-aligned-bottom is-layout-flow wp-block-column-is-layout-flow\" style=\"flex-basis:25%\">\n<figure class=\"wp-block-image size-full is-resized\"><img loading=\"lazy\" decoding=\"async\" width=\"225\" height=\"225\" src=\"https:\/\/vacances-mussillons.fr\/wp-content\/uploads\/2023\/09\/rouge.png\" alt=\"\" class=\"wp-image-370\" style=\"width:50px;height:auto\" srcset=\"https:\/\/vacances-mussillons.fr\/wp-content\/uploads\/2023\/09\/rouge.png 225w, https:\/\/vacances-mussillons.fr\/wp-content\/uploads\/2023\/09\/rouge-150x150.png 150w\" sizes=\"auto, (max-width: 225px) 100vw, 225px\" \/><figcaption class=\"wp-element-caption\">R\u00e9serv\u00e9<\/figcaption><\/figure>\n\n\n\n<figure class=\"wp-block-image size-full is-resized\"><img loading=\"lazy\" decoding=\"async\" width=\"225\" height=\"225\" src=\"https:\/\/vacances-mussillons.fr\/wp-content\/uploads\/2023\/09\/telechargement.png\" alt=\"\" class=\"wp-image-375\" style=\"width:50px;height:auto\" srcset=\"https:\/\/vacances-mussillons.fr\/wp-content\/uploads\/2023\/09\/telechargement.png 225w, https:\/\/vacances-mussillons.fr\/wp-content\/uploads\/2023\/09\/telechargement-150x150.png 150w\" sizes=\"auto, (max-width: 225px) 100vw, 225px\" \/><figcaption class=\"wp-element-caption\">En cours<\/figcaption><\/figure>\n\n\n\n<figure class=\"wp-block-image size-full is-resized is-style-default\"><img loading=\"lazy\" decoding=\"async\" width=\"225\" height=\"225\" src=\"https:\/\/vacances-mussillons.fr\/wp-content\/uploads\/2023\/09\/vert.png\" alt=\"\" class=\"wp-image-371\" style=\"width:51px;height:auto\" srcset=\"https:\/\/vacances-mussillons.fr\/wp-content\/uploads\/2023\/09\/vert.png 225w, https:\/\/vacances-mussillons.fr\/wp-content\/uploads\/2023\/09\/vert-150x150.png 150w\" sizes=\"auto, (max-width: 225px) 100vw, 225px\" \/><figcaption class=\"wp-element-caption\">Disponible<\/figcaption><\/figure>\n<\/div>\n\n\n\n<div class=\"wp-block-column is-layout-flow wp-block-column-is-layout-flow\" style=\"flex-basis:100%\"><div class=\"wpsbc-container wpsbc-calendar-1\" data-id=\"1\" data-show_title=\"0\" data-show_legend=\"0\" data-legend_position=\"side\" data-show_button_navigation=\"1\" data-current_year=\"2026\" data-current_month=\"4\" data-language=\"fr\" data-min_width=\"200\" data-max_width=\"380\" ><div class=\"wpsbc-calendars-wrapper \"><div class=\"wpsbc-calendars\"><div class=\"wpsbc-calendar\"><div class=\"wpsbc-calendar-header wpsbc-heading\"><div class=\"wpsbc-calendar-header-navigation\"><a href=\"#\" class=\"wpsbc-prev\"><span class=\"wpsbc-arrow\"><\/span><\/a><div class=\"wpsbc-select-container\"><select><option value=\"1768435200\" >Janvier 2026<\/option><option value=\"1771113600\" >F\u00e9vrier 2026<\/option><option value=\"1773532800\" >Mars 2026<\/option><option value=\"1776211200\"  selected='selected'>Avril 2026<\/option><option value=\"1778803200\" >Mai 2026<\/option><option value=\"1781481600\" >Juin 2026<\/option><option value=\"1784073600\" >Juillet 2026<\/option><option value=\"1786752000\" >Ao\u00fbt 2026<\/option><option value=\"1789430400\" >Septembre 2026<\/option><option value=\"1792022400\" >Octobre 2026<\/option><option value=\"1794700800\" >Novembre 2026<\/option><option value=\"1797292800\" >D\u00e9cembre 2026<\/option><option value=\"1799971200\" >Janvier 2027<\/option><option value=\"1802649600\" >F\u00e9vrier 2027<\/option><option value=\"1805068800\" >Mars 2027<\/option><option value=\"1807747200\" >Avril 2027<\/option><\/select><\/div><a href=\"#\" class=\"wpsbc-next\"><span class=\"wpsbc-arrow\"><\/span><\/a><\/div><\/div><div class=\"wpsbc-calendar-wrapper\"><table><thead><tr><th>L<\/th><th>M<\/th><th>M<\/th><th>J<\/th><th>V<\/th><th>S<\/th><th>D<\/th><\/tr><\/thead><tbody><tr><td><div class=\"wpsbc-date  wpsbc-gap\" ><div class=\"wpsbc-date-inner\"><\/div><\/div><\/td><td><div class=\"wpsbc-date  wpsbc-gap\" ><div class=\"wpsbc-date-inner\"><\/div><\/div><\/td><td><div class=\"wpsbc-date wpsbc-legend-item-2 \" data-year=\"2026\" data-month=\"4\" data-day=\"1\"><div class=\"wpsbc-legend-item-icon wpsbc-legend-item-icon-2\" data-type=\"single\"><div class=\"wpsbc-legend-item-icon-color\" ><\/div><div class=\"wpsbc-legend-item-icon-color\" ><\/div><\/div><div class=\"wpsbc-date-inner\"><span class=\"wpsbc-date-number\">1<\/span><\/div><\/div><\/td><td><div class=\"wpsbc-date wpsbc-legend-item-2 \" data-year=\"2026\" data-month=\"4\" data-day=\"2\"><div class=\"wpsbc-legend-item-icon wpsbc-legend-item-icon-2\" data-type=\"single\"><div class=\"wpsbc-legend-item-icon-color\" ><\/div><div class=\"wpsbc-legend-item-icon-color\" ><\/div><\/div><div class=\"wpsbc-date-inner\"><span class=\"wpsbc-date-number\">2<\/span><\/div><\/div><\/td><td><div class=\"wpsbc-date wpsbc-legend-item-2 \" data-year=\"2026\" data-month=\"4\" data-day=\"3\"><div class=\"wpsbc-legend-item-icon wpsbc-legend-item-icon-2\" data-type=\"single\"><div class=\"wpsbc-legend-item-icon-color\" ><\/div><div class=\"wpsbc-legend-item-icon-color\" ><\/div><\/div><div class=\"wpsbc-date-inner\"><span class=\"wpsbc-date-number\">3<\/span><\/div><\/div><\/td><td><div class=\"wpsbc-date wpsbc-legend-item-1 \" data-year=\"2026\" data-month=\"4\" data-day=\"4\"><div class=\"wpsbc-legend-item-icon wpsbc-legend-item-icon-1\" data-type=\"single\"><div class=\"wpsbc-legend-item-icon-color\" ><\/div><div class=\"wpsbc-legend-item-icon-color\" ><\/div><\/div><div class=\"wpsbc-date-inner\"><span class=\"wpsbc-date-number\">4<\/span><\/div><\/div><\/td><td><div class=\"wpsbc-date wpsbc-legend-item-1 \" data-year=\"2026\" data-month=\"4\" data-day=\"5\"><div class=\"wpsbc-legend-item-icon wpsbc-legend-item-icon-1\" data-type=\"single\"><div class=\"wpsbc-legend-item-icon-color\" ><\/div><div class=\"wpsbc-legend-item-icon-color\" ><\/div><\/div><div class=\"wpsbc-date-inner\"><span class=\"wpsbc-date-number\">5<\/span><\/div><\/div><\/td><\/tr><tr><td><div class=\"wpsbc-date wpsbc-legend-item-1 \" data-year=\"2026\" data-month=\"4\" data-day=\"6\"><div class=\"wpsbc-legend-item-icon wpsbc-legend-item-icon-1\" data-type=\"single\"><div class=\"wpsbc-legend-item-icon-color\" ><\/div><div class=\"wpsbc-legend-item-icon-color\" ><\/div><\/div><div class=\"wpsbc-date-inner\"><span class=\"wpsbc-date-number\">6<\/span><\/div><\/div><\/td><td><div class=\"wpsbc-date wpsbc-legend-item-1 \" data-year=\"2026\" data-month=\"4\" data-day=\"7\"><div class=\"wpsbc-legend-item-icon wpsbc-legend-item-icon-1\" data-type=\"single\"><div class=\"wpsbc-legend-item-icon-color\" ><\/div><div class=\"wpsbc-legend-item-icon-color\" ><\/div><\/div><div class=\"wpsbc-date-inner\"><span class=\"wpsbc-date-number\">7<\/span><\/div><\/div><\/td><td><div class=\"wpsbc-date wpsbc-legend-item-2 \" data-year=\"2026\" data-month=\"4\" data-day=\"8\"><div class=\"wpsbc-legend-item-icon wpsbc-legend-item-icon-2\" data-type=\"single\"><div class=\"wpsbc-legend-item-icon-color\" ><\/div><div class=\"wpsbc-legend-item-icon-color\" ><\/div><\/div><div class=\"wpsbc-date-inner\"><span class=\"wpsbc-date-number\">8<\/span><\/div><\/div><\/td><td><div class=\"wpsbc-date wpsbc-legend-item-2 \" data-year=\"2026\" data-month=\"4\" data-day=\"9\"><div class=\"wpsbc-legend-item-icon wpsbc-legend-item-icon-2\" data-type=\"single\"><div class=\"wpsbc-legend-item-icon-color\" ><\/div><div class=\"wpsbc-legend-item-icon-color\" ><\/div><\/div><div class=\"wpsbc-date-inner\"><span class=\"wpsbc-date-number\">9<\/span><\/div><\/div><\/td><td><div class=\"wpsbc-date wpsbc-legend-item-2 \" data-year=\"2026\" data-month=\"4\" data-day=\"10\"><div class=\"wpsbc-legend-item-icon wpsbc-legend-item-icon-2\" data-type=\"single\"><div class=\"wpsbc-legend-item-icon-color\" ><\/div><div class=\"wpsbc-legend-item-icon-color\" ><\/div><\/div><div class=\"wpsbc-date-inner\"><span class=\"wpsbc-date-number\">10<\/span><\/div><\/div><\/td><td><div class=\"wpsbc-date wpsbc-legend-item-2 \" data-year=\"2026\" data-month=\"4\" data-day=\"11\"><div class=\"wpsbc-legend-item-icon wpsbc-legend-item-icon-2\" data-type=\"single\"><div class=\"wpsbc-legend-item-icon-color\" ><\/div><div class=\"wpsbc-legend-item-icon-color\" ><\/div><\/div><div class=\"wpsbc-date-inner\"><span class=\"wpsbc-date-number\">11<\/span><\/div><\/div><\/td><td><div class=\"wpsbc-date wpsbc-legend-item-1 \" data-year=\"2026\" data-month=\"4\" data-day=\"12\"><div class=\"wpsbc-legend-item-icon wpsbc-legend-item-icon-1\" data-type=\"single\"><div class=\"wpsbc-legend-item-icon-color\" ><\/div><div class=\"wpsbc-legend-item-icon-color\" ><\/div><\/div><div class=\"wpsbc-date-inner\"><span class=\"wpsbc-date-number\">12<\/span><\/div><\/div><\/td><\/tr><tr><td><div class=\"wpsbc-date wpsbc-legend-item-1 \" data-year=\"2026\" data-month=\"4\" data-day=\"13\"><div class=\"wpsbc-legend-item-icon wpsbc-legend-item-icon-1\" data-type=\"single\"><div class=\"wpsbc-legend-item-icon-color\" ><\/div><div class=\"wpsbc-legend-item-icon-color\" ><\/div><\/div><div class=\"wpsbc-date-inner\"><span class=\"wpsbc-date-number\">13<\/span><\/div><\/div><\/td><td><div class=\"wpsbc-date wpsbc-legend-item-1 \" data-year=\"2026\" data-month=\"4\" data-day=\"14\"><div class=\"wpsbc-legend-item-icon wpsbc-legend-item-icon-1\" data-type=\"single\"><div class=\"wpsbc-legend-item-icon-color\" ><\/div><div class=\"wpsbc-legend-item-icon-color\" ><\/div><\/div><div class=\"wpsbc-date-inner\"><span class=\"wpsbc-date-number\">14<\/span><\/div><\/div><\/td><td><div class=\"wpsbc-date wpsbc-legend-item-1 \" data-year=\"2026\" data-month=\"4\" data-day=\"15\"><div class=\"wpsbc-legend-item-icon wpsbc-legend-item-icon-1\" data-type=\"single\"><div class=\"wpsbc-legend-item-icon-color\" ><\/div><div class=\"wpsbc-legend-item-icon-color\" ><\/div><\/div><div class=\"wpsbc-date-inner\"><span class=\"wpsbc-date-number\">15<\/span><\/div><\/div><\/td><td><div class=\"wpsbc-date wpsbc-legend-item-1 \" data-year=\"2026\" data-month=\"4\" data-day=\"16\"><div class=\"wpsbc-legend-item-icon wpsbc-legend-item-icon-1\" data-type=\"single\"><div class=\"wpsbc-legend-item-icon-color\" ><\/div><div class=\"wpsbc-legend-item-icon-color\" ><\/div><\/div><div class=\"wpsbc-date-inner\"><span class=\"wpsbc-date-number\">16<\/span><\/div><\/div><\/td><td><div class=\"wpsbc-date wpsbc-legend-item-1 \" data-year=\"2026\" data-month=\"4\" data-day=\"17\"><div class=\"wpsbc-legend-item-icon wpsbc-legend-item-icon-1\" data-type=\"single\"><div class=\"wpsbc-legend-item-icon-color\" ><\/div><div class=\"wpsbc-legend-item-icon-color\" ><\/div><\/div><div class=\"wpsbc-date-inner\"><span class=\"wpsbc-date-number\">17<\/span><\/div><\/div><\/td><td><div class=\"wpsbc-date wpsbc-legend-item-1 \" data-year=\"2026\" data-month=\"4\" data-day=\"18\"><div class=\"wpsbc-legend-item-icon wpsbc-legend-item-icon-1\" data-type=\"single\"><div class=\"wpsbc-legend-item-icon-color\" ><\/div><div class=\"wpsbc-legend-item-icon-color\" ><\/div><\/div><div class=\"wpsbc-date-inner\"><span class=\"wpsbc-date-number\">18<\/span><\/div><\/div><\/td><td><div class=\"wpsbc-date wpsbc-legend-item-1 \" data-year=\"2026\" data-month=\"4\" data-day=\"19\"><div class=\"wpsbc-legend-item-icon wpsbc-legend-item-icon-1\" data-type=\"single\"><div class=\"wpsbc-legend-item-icon-color\" ><\/div><div class=\"wpsbc-legend-item-icon-color\" ><\/div><\/div><div class=\"wpsbc-date-inner\"><span class=\"wpsbc-date-number\">19<\/span><\/div><\/div><\/td><\/tr><tr><td><div class=\"wpsbc-date wpsbc-legend-item-1 \" data-year=\"2026\" data-month=\"4\" data-day=\"20\"><div class=\"wpsbc-legend-item-icon wpsbc-legend-item-icon-1\" data-type=\"single\"><div class=\"wpsbc-legend-item-icon-color\" ><\/div><div class=\"wpsbc-legend-item-icon-color\" ><\/div><\/div><div class=\"wpsbc-date-inner\"><span class=\"wpsbc-date-number\">20<\/span><\/div><\/div><\/td><td><div class=\"wpsbc-date wpsbc-legend-item-1 \" data-year=\"2026\" data-month=\"4\" data-day=\"21\"><div class=\"wpsbc-legend-item-icon wpsbc-legend-item-icon-1\" data-type=\"single\"><div class=\"wpsbc-legend-item-icon-color\" ><\/div><div class=\"wpsbc-legend-item-icon-color\" ><\/div><\/div><div class=\"wpsbc-date-inner\"><span class=\"wpsbc-date-number\">21<\/span><\/div><\/div><\/td><td><div class=\"wpsbc-date wpsbc-legend-item-1 \" data-year=\"2026\" data-month=\"4\" data-day=\"22\"><div class=\"wpsbc-legend-item-icon wpsbc-legend-item-icon-1\" data-type=\"single\"><div class=\"wpsbc-legend-item-icon-color\" ><\/div><div class=\"wpsbc-legend-item-icon-color\" ><\/div><\/div><div class=\"wpsbc-date-inner\"><span class=\"wpsbc-date-number\">22<\/span><\/div><\/div><\/td><td><div class=\"wpsbc-date wpsbc-legend-item-1 \" data-year=\"2026\" data-month=\"4\" data-day=\"23\"><div class=\"wpsbc-legend-item-icon wpsbc-legend-item-icon-1\" data-type=\"single\"><div class=\"wpsbc-legend-item-icon-color\" ><\/div><div class=\"wpsbc-legend-item-icon-color\" ><\/div><\/div><div class=\"wpsbc-date-inner\"><span class=\"wpsbc-date-number\">23<\/span><\/div><\/div><\/td><td><div class=\"wpsbc-date wpsbc-legend-item-1 \" data-year=\"2026\" data-month=\"4\" data-day=\"24\"><div class=\"wpsbc-legend-item-icon wpsbc-legend-item-icon-1\" data-type=\"single\"><div class=\"wpsbc-legend-item-icon-color\" ><\/div><div class=\"wpsbc-legend-item-icon-color\" ><\/div><\/div><div class=\"wpsbc-date-inner\"><span class=\"wpsbc-date-number\">24<\/span><\/div><\/div><\/td><td><div class=\"wpsbc-date wpsbc-legend-item-1 \" data-year=\"2026\" data-month=\"4\" data-day=\"25\"><div class=\"wpsbc-legend-item-icon wpsbc-legend-item-icon-1\" data-type=\"single\"><div class=\"wpsbc-legend-item-icon-color\" ><\/div><div class=\"wpsbc-legend-item-icon-color\" ><\/div><\/div><div class=\"wpsbc-date-inner\"><span class=\"wpsbc-date-number\">25<\/span><\/div><\/div><\/td><td><div class=\"wpsbc-date wpsbc-legend-item-1 \" data-year=\"2026\" data-month=\"4\" data-day=\"26\"><div class=\"wpsbc-legend-item-icon wpsbc-legend-item-icon-1\" data-type=\"single\"><div class=\"wpsbc-legend-item-icon-color\" ><\/div><div class=\"wpsbc-legend-item-icon-color\" ><\/div><\/div><div class=\"wpsbc-date-inner\"><span class=\"wpsbc-date-number\">26<\/span><\/div><\/div><\/td><\/tr><tr><td><div class=\"wpsbc-date wpsbc-legend-item-1 \" data-year=\"2026\" data-month=\"4\" data-day=\"27\"><div class=\"wpsbc-legend-item-icon wpsbc-legend-item-icon-1\" data-type=\"single\"><div class=\"wpsbc-legend-item-icon-color\" ><\/div><div class=\"wpsbc-legend-item-icon-color\" ><\/div><\/div><div class=\"wpsbc-date-inner\"><span class=\"wpsbc-date-number\">27<\/span><\/div><\/div><\/td><td><div class=\"wpsbc-date wpsbc-legend-item-1 \" data-year=\"2026\" data-month=\"4\" data-day=\"28\"><div class=\"wpsbc-legend-item-icon wpsbc-legend-item-icon-1\" data-type=\"single\"><div class=\"wpsbc-legend-item-icon-color\" ><\/div><div class=\"wpsbc-legend-item-icon-color\" ><\/div><\/div><div class=\"wpsbc-date-inner\"><span class=\"wpsbc-date-number\">28<\/span><\/div><\/div><\/td><td><div class=\"wpsbc-date wpsbc-legend-item-1 \" data-year=\"2026\" data-month=\"4\" data-day=\"29\"><div class=\"wpsbc-legend-item-icon wpsbc-legend-item-icon-1\" data-type=\"single\"><div class=\"wpsbc-legend-item-icon-color\" ><\/div><div class=\"wpsbc-legend-item-icon-color\" ><\/div><\/div><div class=\"wpsbc-date-inner\"><span class=\"wpsbc-date-number\">29<\/span><\/div><\/div><\/td><td><div class=\"wpsbc-date wpsbc-legend-item-1 \" data-year=\"2026\" data-month=\"4\" data-day=\"30\"><div class=\"wpsbc-legend-item-icon wpsbc-legend-item-icon-1\" data-type=\"single\"><div class=\"wpsbc-legend-item-icon-color\" ><\/div><div class=\"wpsbc-legend-item-icon-color\" ><\/div><\/div><div class=\"wpsbc-date-inner\"><span class=\"wpsbc-date-number\">30<\/span><\/div><\/div><\/td><td><div class=\"wpsbc-date  wpsbc-gap\" ><div class=\"wpsbc-date-inner\"><\/div><\/div><\/td><td><div class=\"wpsbc-date  wpsbc-gap\" ><div class=\"wpsbc-date-inner\"><\/div><\/div><\/td><td><div class=\"wpsbc-date  wpsbc-gap\" ><div class=\"wpsbc-date-inner\"><\/div><\/div><\/td><\/tr><\/tbody><\/table><\/div><\/div><\/div><\/div><style>.wpsbc-container.wpsbc-calendar-1 .wpsbc-legend-item-icon-1 div:first-of-type { background-color: #ddffcc; }.wpsbc-container.wpsbc-calendar-1 .wpsbc-legend-item-icon-1 div:nth-of-type(2) { background-color: transparent; }.wpsbc-container.wpsbc-calendar-1 .wpsbc-legend-item-icon-1 div:first-of-type svg { fill: #ddffcc; }.wpsbc-container.wpsbc-calendar-1 .wpsbc-legend-item-icon-1 div:nth-of-type(2) svg { fill: transparent; }.wpsbc-container.wpsbc-calendar-1 .wpsbc-legend-item-icon-2 div:first-of-type { background-color: #ffc0bd; }.wpsbc-container.wpsbc-calendar-1 .wpsbc-legend-item-icon-2 div:nth-of-type(2) { background-color: transparent; }.wpsbc-container.wpsbc-calendar-1 .wpsbc-legend-item-icon-2 div:first-of-type svg { fill: #ffc0bd; }.wpsbc-container.wpsbc-calendar-1 .wpsbc-legend-item-icon-2 div:nth-of-type(2) svg { fill: transparent; }.wpsbc-container.wpsbc-calendar-1 .wpsbc-legend-item-icon-3 div:first-of-type { background-color: #fee2a0; }.wpsbc-container.wpsbc-calendar-1 .wpsbc-legend-item-icon-3 div:nth-of-type(2) { background-color: transparent; }.wpsbc-container.wpsbc-calendar-1 .wpsbc-legend-item-icon-3 div:first-of-type svg { fill: #fee2a0; }.wpsbc-container.wpsbc-calendar-1 .wpsbc-legend-item-icon-3 div:nth-of-type(2) svg { fill: transparent; }<\/style><div class=\"wpsbc-container-loaded\" data-just-loaded=\"1\"><\/div><\/div><\/div>\n<\/div>\n","protected":false},"excerpt":{"rendered":"<p>Quelques semaines par an, notamment pendant les vacances d&rsquo;hiver et la seconde quinzaine d&rsquo;ao\u00fbt, le centre est r\u00e9serv\u00e9 pour des s\u00e9jours familiaux organis\u00e9s et anim\u00e9s par l&rsquo;\u00e9quipe d&rsquo;animation b\u00e9n\u00e9vole de l&rsquo;Enfance d&rsquo;Ascq. Les s\u00e9jours d&rsquo;hiver Vous \u00eates accueillis en pension compl\u00e8te.&nbsp;Concernant les activit\u00e9s, des marches, sorties ski ou raquettes et [&hellip;]<\/p>\n","protected":false},"author":1,"featured_media":188,"parent":0,"menu_order":0,"comment_status":"closed","ping_status":"closed","template":"","meta":{"_themeisle_gutenberg_block_has_review":false,"footnotes":""},"class_list":["post-72","page","type-page","status-publish","has-post-thumbnail","hentry"],"_links":{"self":[{"href":"https:\/\/vacances-mussillons.fr\/index.php\/wp-json\/wp\/v2\/pages\/72","targetHints":{"allow":["GET"]}}],"collection":[{"href":"https:\/\/vacances-mussillons.fr\/index.php\/wp-json\/wp\/v2\/pages"}],"about":[{"href":"https:\/\/vacances-mussillons.fr\/index.php\/wp-json\/wp\/v2\/types\/page"}],"author":[{"embeddable":true,"href":"https:\/\/vacances-mussillons.fr\/index.php\/wp-json\/wp\/v2\/users\/1"}],"replies":[{"embeddable":true,"href":"https:\/\/vacances-mussillons.fr\/index.php\/wp-json\/wp\/v2\/comments?post=72"}],"version-history":[{"count":14,"href":"https:\/\/vacances-mussillons.fr\/index.php\/wp-json\/wp\/v2\/pages\/72\/revisions"}],"predecessor-version":[{"id":649,"href":"https:\/\/vacances-mussillons.fr\/index.php\/wp-json\/wp\/v2\/pages\/72\/revisions\/649"}],"wp:featuredmedia":[{"embeddable":true,"href":"https:\/\/vacances-mussillons.fr\/index.php\/wp-json\/wp\/v2\/media\/188"}],"wp:attachment":[{"href":"https:\/\/vacances-mussillons.fr\/index.php\/wp-json\/wp\/v2\/media?parent=72"}],"curies":[{"name":"wp","href":"https:\/\/api.w.org\/{rel}","templated":true}]}}