{"id":96,"date":"2023-09-19T15:56:27","date_gmt":"2023-09-19T13:56:27","guid":{"rendered":"https:\/\/vacances-mussillons.fr\/?page_id=96"},"modified":"2023-09-19T16:24:50","modified_gmt":"2023-09-19T14:24:50","slug":"localisation","status":"publish","type":"page","link":"https:\/\/vacances-mussillons.fr\/index.php\/localisation\/","title":{"rendered":"Localisation"},"content":{"rendered":"\n<p class=\"has-text-align-center\">Adresse<br>Centre de vacances \u00ab\u00a0Les Mussillons\u00a0\u00bb<br><strong>Hameau des Mussillons<\/strong><br><strong>39150 Grande-Rivi\u00e8re<\/strong><\/p>\n\n\n\n<p class=\"has-text-align-center\"><strong>T\u00e9l\u00e9phone<\/strong><br><strong>03 84 60 12 58<\/strong><br><strong>En cas d&rsquo;absence, voir l&rsquo;onglet \u00ab\u00a0Contact\u00a0\u00bb<\/strong><\/p>\n\n\n\n<div style=\"height:62px\" aria-hidden=\"true\" class=\"wp-block-spacer\"><\/div>\n\n\n\t\t<div id=\"wpmapblock_1d04f1a0\" data-settings='{&quot;map_marker&quot;:[{&quot;lat&quot;:&quot;46.548543&quot;,&quot;lng&quot;:&quot;5.931156999999985&quot;,&quot;title&quot;:&quot;Hammeau du mussillons&quot;,&quot;content&quot;:&quot;&quot;,&quot;iconType&quot;:&quot;default&quot;,&quot;customIconUrl&quot;:&quot;&quot;,&quot;customIconWidth&quot;:&quot;25&quot;,&quot;customIconHeight&quot;:&quot;40&quot;}],&quot;map_zoom&quot;:10,&quot;scroll_wheel_zoom&quot;:false,&quot;map_type&quot;:&quot;GM&quot;,&quot;center_index&quot;:0}' class=\"wpmapblockrender\" style=\"\n\t\t\twidth: 100%;\n\t\t\theight: 500px;\n\t\t\"><\/div>\n        \n\n\n<div style=\"height:41px\" aria-hidden=\"true\" class=\"wp-block-spacer\"><\/div>\n\n\n\n<p class=\"has-text-align-center\"><strong>Coordonn\u00e9es GPS :<\/strong><br><strong>46.548543 Latitude Nord<\/strong><br><strong>\u200b5.931156999999985 Longitude Est<\/strong><\/p>\n\n\n\n<div style=\"height:100px\" aria-hidden=\"true\" class=\"wp-block-spacer\"><\/div>\n","protected":false},"excerpt":{"rendered":"<p>AdresseCentre de vacances \u00ab\u00a0Les Mussillons\u00a0\u00bbHameau des Mussillons39150 Grande-Rivi\u00e8re T\u00e9l\u00e9phone03 84 60 12 58En cas d&rsquo;absence, voir l&rsquo;onglet \u00ab\u00a0Contact\u00a0\u00bb Coordonn\u00e9es GPS :46.548543 Latitude Nord\u200b5.931156999999985 Longitude Est<\/p>\n","protected":false},"author":1,"featured_media":47,"parent":0,"menu_order":0,"comment_status":"closed","ping_status":"closed","template":"","meta":{"_themeisle_gutenberg_block_has_review":false,"footnotes":""},"class_list":["post-96","page","type-page","status-publish","has-post-thumbnail","hentry"],"_links":{"self":[{"href":"https:\/\/vacances-mussillons.fr\/index.php\/wp-json\/wp\/v2\/pages\/96","targetHints":{"allow":["GET"]}}],"collection":[{"href":"https:\/\/vacances-mussillons.fr\/index.php\/wp-json\/wp\/v2\/pages"}],"about":[{"href":"https:\/\/vacances-mussillons.fr\/index.php\/wp-json\/wp\/v2\/types\/page"}],"author":[{"embeddable":true,"href":"https:\/\/vacances-mussillons.fr\/index.php\/wp-json\/wp\/v2\/users\/1"}],"replies":[{"embeddable":true,"href":"https:\/\/vacances-mussillons.fr\/index.php\/wp-json\/wp\/v2\/comments?post=96"}],"version-history":[{"count":9,"href":"https:\/\/vacances-mussillons.fr\/index.php\/wp-json\/wp\/v2\/pages\/96\/revisions"}],"predecessor-version":[{"id":125,"href":"https:\/\/vacances-mussillons.fr\/index.php\/wp-json\/wp\/v2\/pages\/96\/revisions\/125"}],"wp:featuredmedia":[{"embeddable":true,"href":"https:\/\/vacances-mussillons.fr\/index.php\/wp-json\/wp\/v2\/media\/47"}],"wp:attachment":[{"href":"https:\/\/vacances-mussillons.fr\/index.php\/wp-json\/wp\/v2\/media?parent=96"}],"curies":[{"name":"wp","href":"https:\/\/api.w.org\/{rel}","templated":true}]}}