{"id":98,"date":"2023-09-19T15:56:47","date_gmt":"2023-09-19T13:56:47","guid":{"rendered":"https:\/\/vacances-mussillons.fr\/?page_id=98"},"modified":"2024-02-10T09:02:57","modified_gmt":"2024-02-10T08:02:57","slug":"formules-dhebergement","status":"publish","type":"page","link":"https:\/\/vacances-mussillons.fr\/index.php\/formules-dhebergement\/","title":{"rendered":"Formules d&rsquo;h\u00e9b\u00e9rgement"},"content":{"rendered":"\n<hr class=\"wp-block-separator has-alpha-channel-opacity\"\/>\n\n\n\n<h2 class=\"wp-block-heading\">Accueil en pension compl\u00e8te<\/h2>\n\n\n\n<p><strong>En F\u00e9vrier pour les s\u00e9jours d&rsquo;hiver et en Aout pour le Rando Ch\u0153ur, les autres mois de l&rsquo;ann\u00e9e nous contacter pour un devis.<\/strong><\/p>\n\n\n\n<p><strong>Votre h\u00e9bergement comprend la nuit\u00e9e ainsi que le petit-d\u00e9jeuner, le d\u00e9jeuner et le d\u00eener.<\/strong><\/p>\n\n\n\n<p><strong>Les repas sont pr\u00e9par\u00e9s sur place par nos soins avec des produits frais et locaux.<\/strong><br><strong>\u200bLe pain est command\u00e9 chaque jour chez un artisan-boulanger de Saint-Laurent-en-Grandvaux.<\/strong><\/p>\n\n\n\n<hr class=\"wp-block-separator has-alpha-channel-opacity\"\/>\n\n\n\n<h2 class=\"wp-block-heading\">Location&nbsp;<\/h2>\n\n\n\n<p>Le centre est mis \u00e0 votre disposition,\u00a0selon les conditions du contrat de location.\u00a0<br>(sous couvert d&rsquo;un \u00e9tat des lieux d&rsquo;entr\u00e9e et de sortie)<\/p>\n\n\n\n<hr class=\"wp-block-separator has-alpha-channel-opacity\"\/>\n\n\n\n<div style=\"height:100px\" aria-hidden=\"true\" class=\"wp-block-spacer\"><\/div>\n","protected":false},"excerpt":{"rendered":"<p>Accueil en pension compl\u00e8te En F\u00e9vrier pour les s\u00e9jours d&rsquo;hiver et en Aout pour le Rando Ch\u0153ur, les autres mois de l&rsquo;ann\u00e9e nous contacter pour un devis. Votre h\u00e9bergement comprend la nuit\u00e9e ainsi que le petit-d\u00e9jeuner, le d\u00e9jeuner et le d\u00eener. Les repas sont pr\u00e9par\u00e9s sur place par nos soins [&hellip;]<\/p>\n","protected":false},"author":1,"featured_media":12,"parent":0,"menu_order":0,"comment_status":"closed","ping_status":"closed","template":"","meta":{"_themeisle_gutenberg_block_has_review":false,"footnotes":""},"class_list":["post-98","page","type-page","status-publish","has-post-thumbnail","hentry"],"_links":{"self":[{"href":"https:\/\/vacances-mussillons.fr\/index.php\/wp-json\/wp\/v2\/pages\/98","targetHints":{"allow":["GET"]}}],"collection":[{"href":"https:\/\/vacances-mussillons.fr\/index.php\/wp-json\/wp\/v2\/pages"}],"about":[{"href":"https:\/\/vacances-mussillons.fr\/index.php\/wp-json\/wp\/v2\/types\/page"}],"author":[{"embeddable":true,"href":"https:\/\/vacances-mussillons.fr\/index.php\/wp-json\/wp\/v2\/users\/1"}],"replies":[{"embeddable":true,"href":"https:\/\/vacances-mussillons.fr\/index.php\/wp-json\/wp\/v2\/comments?post=98"}],"version-history":[{"count":5,"href":"https:\/\/vacances-mussillons.fr\/index.php\/wp-json\/wp\/v2\/pages\/98\/revisions"}],"predecessor-version":[{"id":514,"href":"https:\/\/vacances-mussillons.fr\/index.php\/wp-json\/wp\/v2\/pages\/98\/revisions\/514"}],"wp:featuredmedia":[{"embeddable":true,"href":"https:\/\/vacances-mussillons.fr\/index.php\/wp-json\/wp\/v2\/media\/12"}],"wp:attachment":[{"href":"https:\/\/vacances-mussillons.fr\/index.php\/wp-json\/wp\/v2\/media?parent=98"}],"curies":[{"name":"wp","href":"https:\/\/api.w.org\/{rel}","templated":true}]}}